{"id":81,"date":"2024-06-16T19:55:15","date_gmt":"2024-06-16T17:55:15","guid":{"rendered":"https:\/\/godot.luismaseda.com\/?page_id=81"},"modified":"2024-06-27T20:47:33","modified_gmt":"2024-06-27T18:47:33","slug":"godot-a-cachos-tutorial-godot-4-en-espanol-fertakus","status":"publish","type":"page","link":"https:\/\/godot.luismaseda.com\/?page_id=81","title":{"rendered":"Godot a cachos \u2013 Tutorial Godot 4 en Espa\u00f1ol (Fertakus)"},"content":{"rendered":"\n<p>Relaci\u00f3n de v\u00eddeos de Youtube del tutorial de <a href=\"https:\/\/www.youtube.com\/@fertakusM\" data-type=\"link\" data-id=\"https:\/\/www.youtube.com\/@fertakusM\" target=\"_blank\" rel=\"noreferrer noopener\">Fertakus<\/a> sobre Godot 4<\/p>\n\n\n\n<ul class=\"wp-block-list\">\n<li><i class=\"fab fa-youtube\"><\/i> <a href=\"https:\/\/www.youtube.com\/watch?v=R0EAD-exbmk&#038;list=PLaFm85QGi-mGIf5VJBggxdTdaqQq7gR8J&#038;index=1&#038;pp=iAQB\" target=\"_blank\" rel=\"noreferrer noopener\">Godot a cachos n\u00ba 0:\u00a0Iniciar proyecto y preparar los Assets<\/a> [2:34] |\u00a0<a href=\"https:\/\/godot.luismaseda.com\/?page_id=79\" data-type=\"link\" data-id=\"https:\/\/godot.luismaseda.com\/?page_id=79\"><i class=\"far fa-comment\"><\/i><\/a><\/li>\n\n\n\n<li><i class=\"fab fa-youtube\"><\/i> <a href=\"https:\/\/www.youtube.com\/watch?v=R6bgruMmF6Y&#038;list=PLaFm85QGi-mGIf5VJBggxdTdaqQq7gR8J&#038;index=2&#038;pp=iAQB\" target=\"_blank\" rel=\"noreferrer noopener\">Godot a cachos n\u00ba 1:\u00a0Movimiento y animaciones del personaje<\/a> [24:01] | <i class=\"far fa-comment\"><\/i><\/li>\n\n\n\n<li><i class=\"fab fa-youtube\"><\/i> <a href=\"https:\/\/www.youtube.com\/watch?v=0clM5t5dfgg&#038;list=PLaFm85QGi-mGIf5VJBggxdTdaqQq7gR8J&#038;index=3&#038;pp=iAQB\" target=\"_blank\" rel=\"noreferrer noopener\">Godot a cachos n\u00ba 2:\u00a0Plataformas, paredes y suelo (Tilemaps)<\/a> [13:33] | <i class=\"far fa-comment\"><\/i><\/li>\n\n\n\n<li><i class=\"fab fa-youtube\"><\/i> <a href=\"https:\/\/www.youtube.com\/watch?v=Y_B6j15lTHU&#038;list=PLaFm85QGi-mGIf5VJBggxdTdaqQq7gR8J&#038;index=4&#038;pp=iAQB\" target=\"_blank\" rel=\"noreferrer noopener\">Godot a cachos n\u00ba 3:\u00a0Fondo con efecto parallax scrolling<\/a> [9:05] | <i class=\"far fa-comment\"><\/i><\/li>\n\n\n\n<li><i class=\"fab fa-youtube\"><\/i> <a href=\"https:\/\/www.youtube.com\/watch?v=2zZRQOzcw7Y&#038;list=PLaFm85QGi-mGIf5VJBggxdTdaqQq7gR8J&#038;index=5&#038;pp=iAQB\" target=\"_blank\" rel=\"noreferrer noopener\">Godot a cachos n\u00ba 4:\u00a0Coyote time (saltar fuera de tiempo)<\/a> [10:45] | <i class=\"far fa-comment\"><\/i><\/li>\n\n\n\n<li><i class=\"fab fa-youtube\"><\/i> <a href=\"https:\/\/www.youtube.com\/watch?v=cPHcBSznf64&#038;list=PLaFm85QGi-mGIf5VJBggxdTdaqQq7gR8J&#038;index=6&#038;pp=iAQB\" target=\"_blank\" rel=\"noreferrer noopener\">Godot a cachos n\u00ba 5:\u00a0Salto doble (double jump) controlado<\/a> [8:47] | <i class=\"far fa-comment\"><\/i><\/li>\n\n\n\n<li><i class=\"fab fa-youtube\"><\/i> <a href=\"https:\/\/www.youtube.com\/watch?v=PFfCBTK1uEc&#038;list=PLaFm85QGi-mGIf5VJBggxdTdaqQq7gR8J&#038;index=7&#038;pp=iAQB\" target=\"_blank\" rel=\"noreferrer noopener\">Godot a cachos n\u00ba 6:\u00a0Pegarse a la pared y saltar otra vez<\/a> [15:33] | <i class=\"far fa-comment\"><\/i><\/li>\n\n\n\n<li><i class=\"fab fa-youtube\"><\/i> <a href=\"https:\/\/www.youtube.com\/watch?v=UgNncO0EB24&#038;list=PLaFm85QGi-mGIf5VJBggxdTdaqQq7gR8J&#038;index=8&#038;pp=iAQB\" target=\"_blank\" rel=\"noreferrer noopener\">Godot a cachos n\u00ba 7:\u00a0Plataforma en movimiento usando PathFollow<\/a> [15:01] | <i class=\"far fa-comment\"><\/i><\/li>\n\n\n\n<li><i class=\"fab fa-youtube\"><\/i> <a href=\"https:\/\/www.youtube.com\/watch?v=l-qNLWPppnU&#038;list=PLaFm85QGi-mGIf5VJBggxdTdaqQq7gR8J&#038;index=9&#038;pp=iAQB\" target=\"_blank\" rel=\"noreferrer noopener\">Godot a cachos n\u00ba 8:\u00a0La Sierra Enemigo patrulla sin caer ni chocar<\/a> [21:07] | <i class=\"far fa-comment\"><\/i><\/li>\n\n\n\n<li><i class=\"fab fa-youtube\"><\/i> <a href=\"https:\/\/www.youtube.com\/watch?v=SdKWeeacxlo&#038;list=PLaFm85QGi-mGIf5VJBggxdTdaqQq7gR8J&#038;index=10&#038;pp=iAQB\" target=\"_blank\" rel=\"noreferrer noopener\">Godot a cachos n\u00ba 9:\u00a0Trampol\u00edn de salto con m\u00e1s potencia<\/a> [9:26] | <i class=\"far fa-comment\"><\/i><\/li>\n\n\n\n<li><i class=\"fab fa-youtube\"><\/i> <a href=\"https:\/\/www.youtube.com\/watch?v=VxpUIp-ieUM&#038;list=PLaFm85QGi-mGIf5VJBggxdTdaqQq7gR8J&#038;index=11&#038;pp=iAQB\" target=\"_blank\" rel=\"noreferrer noopener\">Godot a cachos n\u00ba 10:\u00a0Bola de pinchos con movimiento de p\u00e9ndulo<\/a> [26:29) | <i class=\"far fa-comment\"><\/i><\/li>\n\n\n\n<li><i class=\"fab fa-youtube\"><\/i> <a href=\"https:\/\/www.youtube.com\/watch?v=0cT507Cr6j4&#038;list=PLaFm85QGi-mGIf5VJBggxdTdaqQq7gR8J&#038;index=12&#038;pp=iAQB\" target=\"_blank\" rel=\"noreferrer noopener\">Godot a cachos n\u00ba 11:\u00a0\u00cdtems coleccionables y otros trucos<\/a> [28:31] | <i class=\"far fa-comment\"><\/i><\/li>\n\n\n\n<li><i class=\"fab fa-youtube\"><\/i> <a href=\"https:\/\/www.youtube.com\/watch?v=z76J58ecAFM&#038;list=PLaFm85QGi-mGIf5VJBggxdTdaqQq7gR8J&#038;index=13&#038;pp=iAQB\" target=\"_blank\" rel=\"noreferrer noopener\">\u00a15 Tips en Godot que quiz\u00e1s no conozcas!<\/a> [6:33] | <i class=\"far fa-comment\"><\/i><\/li>\n\n\n\n<li><i class=\"fab fa-youtube\"><\/i> <a href=\"https:\/\/www.youtube.com\/watch?v=rE8IZmVp5BA&#038;list=PLaFm85QGi-mGIf5VJBggxdTdaqQq7gR8J&#038;index=14&#038;pp=iAQB\" target=\"_blank\" rel=\"noreferrer noopener\">Godot a cachos n\u00ba 12:\u00a0HUD de usuario, barra de vida y reloj con hora<\/a> [18:32] | <i class=\"far fa-comment\"><\/i><\/li>\n\n\n\n<li><i class=\"fab fa-youtube\"><\/i> <a href=\"https:\/\/www.youtube.com\/watch?v=yG7qg4uOQto&#038;list=PLaFm85QGi-mGIf5VJBggxdTdaqQq7gR8J&#038;index=15&#038;pp=iAQB\" target=\"_blank\" rel=\"noreferrer noopener\">Godot a cachos n\u00ba 13:\u00a0Portal de teletransporte<\/a> [11:26] | <i class=\"far fa-comment\"><\/i><\/li>\n\n\n\n<li><i class=\"fab fa-youtube\"><\/i> <a href=\"https:\/\/www.youtube.com\/watch?v=pgTZMc6d9BQ&#038;list=PLaFm85QGi-mGIf5VJBggxdTdaqQq7gR8J&#038;index=16&#038;pp=iAQB\" target=\"_blank\" rel=\"noreferrer noopener\">Godot a cachos n\u00ba 14:\u00a0Cinem\u00e1ticas Cut Scenes y sistema de di\u00e1logos<\/a> [23:40] | <i class=\"far fa-comment\"><\/i><\/li>\n\n\n\n<li><i class=\"fab fa-youtube\"><\/i> <a href=\"https:\/\/www.youtube.com\/watch?v=tr3BQEsuCt0&#038;list=PLaFm85QGi-mGIf5VJBggxdTdaqQq7gR8J&#038;index=17&#038;pp=iAQB\" data-type=\"link\" target=\"_blank\" rel=\"noreferrer noopener\">Preguntas Interesantes #1 \u00bfC\u00f3mo poner M\u00faltiples portales de teletransporte anidados?<\/a> [5:59] | <i class=\"far fa-comment\"><\/i><\/li>\n\n\n\n<li><i class=\"fab fa-youtube\"><\/i> <a href=\"https:\/\/www.youtube.com\/watch?v=qtF9ZTGilmo&#038;list=PLaFm85QGi-mGIf5VJBggxdTdaqQq7gR8J&#038;index=18&#038;pp=iAQB\" target=\"_blank\" rel=\"noreferrer noopener\">Godot a cachos n\u00ba 15:\u00a0Audios y efectos de sonido. AudioStreamPlay2D<\/a> [11:06] |&nbsp;<i class=\"far fa-comment\"><\/i><\/li>\n\n\n\n<li><i class=\"fab fa-youtube\"><\/i> <a href=\"https:\/\/www.youtube.com\/watch?v=Enqt_Fj9qSE&#038;list=PLaFm85QGi-mGIf5VJBggxdTdaqQq7gR8J&#038;index=19&#038;pp=iAQB\" target=\"_blank\" rel=\"noreferrer noopener\">Godot: Preguntas Interesantes #2 \u00bfC\u00f3mo modificar la velocidad de un AnimationPlayer v\u00eda script?<\/a> [4:31] | <i class=\"far fa-comment\"><\/i><\/li>\n\n\n\n<li><i class=\"fab fa-youtube\"><\/i> <a href=\"https:\/\/www.youtube.com\/watch?v=ZpTfh4qJXqs&#038;list=PLaFm85QGi-mGIf5VJBggxdTdaqQq7gR8J&#038;index=20&#038;pp=iAQB\" target=\"_blank\" rel=\"noreferrer noopener\">Godot: Preguntas Interesantes #3 \u00bfC\u00f3mo solucionar el bug que deja de detectar el rayCast2D?<\/a> [4:47] | <i class=\"far fa-comment\"><\/i><\/li>\n\n\n\n<li><i class=\"fab fa-youtube\"><\/i> <a href=\"https:\/\/www.youtube.com\/watch?v=QlOnMfEJgKA&#038;list=PLaFm85QGi-mGIf5VJBggxdTdaqQq7gR8J&#038;index=21&#038;pp=iAQB\" target=\"_blank\" rel=\"noreferrer noopener\">Godot a cachos n\u00ba 16:\u00a0Disparar shurikens \/ proyectiles con gravedad<\/a> [31:00] | <i class=\"far fa-comment\"><\/i><\/li>\n\n\n\n<li><i class=\"fab fa-youtube\"><\/i> <a href=\"https:\/\/www.youtube.com\/watch?v=o8QXyv6g7l8&#038;list=PLaFm85QGi-mGIf5VJBggxdTdaqQq7gR8J&#038;index=22&#038;pp=iAQB\" target=\"_blank\" rel=\"noreferrer noopener\">Godot: Las se\u00f1ales como nadie te las ha querido contar a\u00fan<\/a> [14:20] | <i class=\"far fa-comment\"><\/i><\/li>\n\n\n\n<li><i class=\"fab fa-youtube\"><\/i> <a href=\"https:\/\/www.youtube.com\/watch?v=OUkbwOq9mBQ&#038;list=PLaFm85QGi-mGIf5VJBggxdTdaqQq7gR8J&#038;index=23&#038;pp=iAQB\" target=\"_blank\" rel=\"noreferrer noopener\">Godot: A\u00f1adir datos en las se\u00f1ales. Pasar informaci\u00f3n entre nodos con las se\u00f1ales. Capturar datos<\/a> [11:39]  <i class=\"far fa-comment\"><\/i><\/li>\n\n\n\n<li><i class=\"fab fa-youtube\"><\/i> <a href=\"https:\/\/www.youtube.com\/watch?v=EgRpdjj5adk&#038;list=PLaFm85QGi-mGIf5VJBggxdTdaqQq7gR8J&#038;index=24&#038;pp=iAQB\" target=\"_blank\" rel=\"noreferrer noopener\">Godot: M\u00e1quina de estados finita. El tutorial definitivo para aprender a programar la State Machine<\/a> [1:14:56] | <i class=\"far fa-comment\"><\/i><\/li>\n\n\n\n<li><i class=\"fab fa-youtube\"><\/i> <a href=\"https:\/\/www.youtube.com\/watch?v=BbxYrFxVhlY&#038;list=PLaFm85QGi-mGIf5VJBggxdTdaqQq7gR8J&#038;index=25&#038;pp=iAQB\" target=\"_blank\" rel=\"noreferrer noopener\">Godot a cachos n\u00ba 17:\u00a0Suelo resbaladizo \/ Acelerar progresivamente<\/a> [9:54] | <i class=\"far fa-comment\"><\/i><\/li>\n\n\n\n<li><i class=\"fab fa-youtube\"><\/i> <a href=\"https:\/\/www.youtube.com\/watch?v=C_GODDa9V0s&#038;list=PLaFm85QGi-mGIf5VJBggxdTdaqQq7gR8J&#038;index=26&#038;pp=iAQB\" target=\"_blank\" rel=\"noreferrer noopener\">Godot a cachos n\u00ba 18:\u00a0Pausar el Juego y men\u00fa de pausa<\/a> [8:40] | <i class=\"far fa-comment\"><\/i><\/li>\n\n\n\n<li><i class=\"fab fa-youtube\"><\/i> <a href=\"https:\/\/www.youtube.com\/watch?v=GnI3qtIiRYE&#038;list=PLaFm85QGi-mGIf5VJBggxdTdaqQq7gR8J&#038;index=27&#038;pp=iAQB\" target=\"_blank\" rel=\"noreferrer noopener\">Godot a cachos n\u00ba 19:\u00a0Control volumen en diferentes BUSes separados<\/a> [10:11] | <i class=\"far fa-comment\"><\/i><\/li>\n\n\n\n<li><i class=\"fab fa-youtube\"><\/i> <a href=\"https:\/\/www.youtube.com\/watch?v=tz9kB4QUU3s&#038;list=PLaFm85QGi-mGIf5VJBggxdTdaqQq7gR8J&#038;index=28&#038;pp=iAQB\" target=\"_blank\" rel=\"noreferrer noopener\">Godot a cachos n\u00ba 20:\u00a0Dash o movimiento r\u00e1pido lateral del personaje<\/a> [18:31] | <i class=\"far fa-comment\"><\/i><\/li>\n\n\n\n<li><i class=\"fab fa-youtube\"><\/i> <a href=\"https:\/\/www.youtube.com\/watch?v=O_L6RgmXz7A&#038;list=PLaFm85QGi-mGIf5VJBggxdTdaqQq7gR8J&#038;index=29&#038;pp=iAQB\" target=\"_blank\" rel=\"noreferrer noopener\">Godot a cachos n\u00ba 21:\u00a0Part\u00edculas<\/a> [15:41] | <i class=\"far fa-comment\"><\/i><\/li>\n\n\n\n<li><i class=\"fab fa-youtube\"><\/i> <a href=\"https:\/\/www.youtube.com\/watch?v=mSXrpBvTQj0&#038;list=PLaFm85QGi-mGIf5VJBggxdTdaqQq7gR8J&#038;index=30&#038;pp=iAQB\" target=\"_blank\" rel=\"noreferrer noopener\">Godot a cachos n\u00ba 22:\u00a0Wombo Combo! (estilo street fight) GameDev<\/a> [22:10] | <i class=\"far fa-comment\"><\/i><\/li>\n\n\n\n<li><i class=\"fab fa-youtube\"><\/i> <a href=\"https:\/\/www.youtube.com\/watch?v=iYhn2q1bNPA&#038;list=PLaFm85QGi-mGIf5VJBggxdTdaqQq7gR8J&#038;index=31&#038;pp=iAQB\" target=\"_blank\" rel=\"noreferrer noopener\">Aprende GODOT | El TUTORIAL definitivo | Curso | Principiantes | GDSCRIPT | Programaci\u00f3n Videojuegos<\/a> [4:08] | <i class=\"far fa-comment\"><\/i><\/li>\n<\/ul>\n\n\n\n<hr class=\"wp-block-separator has-alpha-channel-opacity\"\/>\n\n\n\n<div class=\"wp-block-buttons is-layout-flex wp-block-buttons-is-layout-flex\">\n<div class=\"wp-block-button\"><a class=\"wp-block-button__link wp-element-button\" href=\"https:\/\/godot.luismaseda.com\/?page_id=11\">Volver<\/a><\/div>\n<\/div>\n","protected":false},"excerpt":{"rendered":"<p>Relaci\u00f3n de v\u00eddeos de Youtube del tutorial de Fertakus sobre Godot 4<\/p>\n","protected":false},"author":1,"featured_media":0,"parent":0,"menu_order":0,"comment_status":"closed","ping_status":"closed","template":"","meta":{"footnotes":""},"class_list":["post-81","page","type-page","status-publish","hentry"],"_links":{"self":[{"href":"https:\/\/godot.luismaseda.com\/index.php?rest_route=\/wp\/v2\/pages\/81","targetHints":{"allow":["GET"]}}],"collection":[{"href":"https:\/\/godot.luismaseda.com\/index.php?rest_route=\/wp\/v2\/pages"}],"about":[{"href":"https:\/\/godot.luismaseda.com\/index.php?rest_route=\/wp\/v2\/types\/page"}],"author":[{"embeddable":true,"href":"https:\/\/godot.luismaseda.com\/index.php?rest_route=\/wp\/v2\/users\/1"}],"replies":[{"embeddable":true,"href":"https:\/\/godot.luismaseda.com\/index.php?rest_route=%2Fwp%2Fv2%2Fcomments&post=81"}],"version-history":[{"count":33,"href":"https:\/\/godot.luismaseda.com\/index.php?rest_route=\/wp\/v2\/pages\/81\/revisions"}],"predecessor-version":[{"id":291,"href":"https:\/\/godot.luismaseda.com\/index.php?rest_route=\/wp\/v2\/pages\/81\/revisions\/291"}],"wp:attachment":[{"href":"https:\/\/godot.luismaseda.com\/index.php?rest_route=%2Fwp%2Fv2%2Fmedia&parent=81"}],"curies":[{"name":"wp","href":"https:\/\/api.w.org\/{rel}","templated":true}]}}