{"id":69,"date":"2024-06-16T19:49:47","date_gmt":"2024-06-16T17:49:47","guid":{"rendered":"https:\/\/godot.luismaseda.com\/?page_id=69"},"modified":"2024-06-17T10:42:28","modified_gmt":"2024-06-17T08:42:28","slug":"curso-gratis-nuevo-para-la-creacion-de-un-videojuego-edprofe-notas-del-video-4-items-godot-coleccionables","status":"publish","type":"page","link":"https:\/\/godot.luismaseda.com\/?page_id=69","title":{"rendered":"Curso GRATIS (NUEVO) para la creaci\u00f3n de un VIDEOJUEGO (Edprofe) \u2013 Notas del V\u00eddeo 4: Items GODOT Coleccionables"},"content":{"rendered":"\n<figure class=\"wp-block-embed is-type-video is-provider-youtube wp-block-embed-youtube wp-embed-aspect-16-9 wp-has-aspect-ratio\"><div class=\"wp-block-embed__wrapper\">\n<iframe loading=\"lazy\" title=\"Items GODOT Coleccionables - Curso GRATIS plataformas 2D [Clase #4]\" width=\"688\" height=\"387\" src=\"https:\/\/www.youtube.com\/embed\/9hRT0W4bjB4?list=PL9dgY_pqKvLr6FdlJW-uV_uMCjACYNUob\" frameborder=\"0\" allow=\"accelerometer; autoplay; clipboard-write; encrypted-media; gyroscope; picture-in-picture; web-share\" referrerpolicy=\"strict-origin-when-cross-origin\" allowfullscreen><\/iframe>\n<\/div><\/figure>\n\n\n\n<div class=\"su-heading su-heading-style-default su-heading-align-center\" id=\"\" style=\"font-size:13px;margin-bottom:20px\"><div class=\"su-heading-inner\">Items coleccionables y contador de puntos<\/div><\/div>\n\n\n\n<p>Hoy aprenderemos a crear elementos coleccionables (similar a como funcionan las monedas en Mario Bros).<\/p>\n\n\n\n<p><\/p>\n\n\n\n<hr class=\"wp-block-separator has-alpha-channel-opacity\"\/>\n\n\n\n<p>Resumen del video tutorial Curso GRATIS (NUEVO) para la creaci\u00f3n de un VIDEOJUEGO: Items GODOT Coleccionables<\/p>\n\n\n\n<ol class=\"wp-block-list\">\n<li>Se detalla c\u00f3mo abrir un proyecto en Godot, crear una nueva escena y agregar un nodo ra\u00edz para los \u00edtems coleccionables, usando un sprite animado de una banana como ejemplo.<\/li>\n\n\n\n<li>Se muestra c\u00f3mo importar y configurar el sprite de la banana, establecer su forma de colisi\u00f3n y conectar se\u00f1ales para la interacci\u00f3n con el personaje del juego.<\/li>\n\n\n\n<li>Finalmente, se explica c\u00f3mo crear y utilizar un <mark>script global<\/mark> para manejar la recolecci\u00f3n de \u00edtems, actualizar una etiqueta que muestra el conteo de \u00edtems recolectados y probar el funcionamiento en el juego.<\/li>\n<\/ol>\n\n\n\n<hr class=\"wp-block-separator has-alpha-channel-opacity\"\/>\n\n\n\n<div data-wp-interactive=\"core\/file\" class=\"wp-block-file\"><object data-wp-bind--hidden=\"!state.hasPdfPreview\" hidden class=\"wp-block-file__embed\" data=\"https:\/\/luismaseda.com\/godot56\/wp-content\/uploads\/2024\/05\/Manual-4-Nuevo-curso-de-GODOT-Juego-de-plataformas-2D.pdf\" type=\"application\/pdf\" style=\"width:100%;height:600px\" aria-label=\"Incrustado de Manual 4 - Nuevo curso de GODOT (Juego de plataformas 2D).\"><\/object><a id=\"wp-block-file--media-74f116a8-72ef-48ab-8b87-d119e8b25b17\" href=\"https:\/\/luismaseda.com\/godot56\/wp-content\/uploads\/2024\/05\/Manual-4-Nuevo-curso-de-GODOT-Juego-de-plataformas-2D.pdf\">Manual 4 &#8211; Nuevo curso de GODOT (Juego de plataformas 2D)<\/a><a href=\"https:\/\/luismaseda.com\/godot56\/wp-content\/uploads\/2024\/05\/Manual-4-Nuevo-curso-de-GODOT-Juego-de-plataformas-2D.pdf\" class=\"wp-block-file__button wp-element-button\" download aria-describedby=\"wp-block-file--media-74f116a8-72ef-48ab-8b87-d119e8b25b17\">Descarga<\/a><\/div>\n\n\n\n<hr class=\"wp-block-separator has-alpha-channel-opacity\"\/>\n\n\n\n<div class=\"wp-block-buttons is-layout-flex wp-block-buttons-is-layout-flex\">\n<div class=\"wp-block-button\"><a class=\"wp-block-button__link has-text-align-center wp-element-button\" href=\"https:\/\/godot.luismaseda.com\/?page_id=73\">Volver<\/a><\/div>\n<\/div>\n","protected":false},"excerpt":{"rendered":"<p>Hoy aprenderemos a crear elementos coleccionables (similar a como funcionan las monedas en Mario Bros). Resumen del video tutorial Curso GRATIS (NUEVO) para la creaci\u00f3n de un VIDEOJUEGO: Items GODOT Coleccionables<\/p>\n","protected":false},"author":1,"featured_media":0,"parent":0,"menu_order":0,"comment_status":"closed","ping_status":"closed","template":"","meta":{"footnotes":""},"class_list":["post-69","page","type-page","status-publish","hentry"],"_links":{"self":[{"href":"https:\/\/godot.luismaseda.com\/index.php?rest_route=\/wp\/v2\/pages\/69","targetHints":{"allow":["GET"]}}],"collection":[{"href":"https:\/\/godot.luismaseda.com\/index.php?rest_route=\/wp\/v2\/pages"}],"about":[{"href":"https:\/\/godot.luismaseda.com\/index.php?rest_route=\/wp\/v2\/types\/page"}],"author":[{"embeddable":true,"href":"https:\/\/godot.luismaseda.com\/index.php?rest_route=\/wp\/v2\/users\/1"}],"replies":[{"embeddable":true,"href":"https:\/\/godot.luismaseda.com\/index.php?rest_route=%2Fwp%2Fv2%2Fcomments&post=69"}],"version-history":[{"count":3,"href":"https:\/\/godot.luismaseda.com\/index.php?rest_route=\/wp\/v2\/pages\/69\/revisions"}],"predecessor-version":[{"id":113,"href":"https:\/\/godot.luismaseda.com\/index.php?rest_route=\/wp\/v2\/pages\/69\/revisions\/113"}],"wp:attachment":[{"href":"https:\/\/godot.luismaseda.com\/index.php?rest_route=%2Fwp%2Fv2%2Fmedia&parent=69"}],"curies":[{"name":"wp","href":"https:\/\/api.w.org\/{rel}","templated":true}]}}