{"id":46,"date":"2024-06-16T19:30:53","date_gmt":"2024-06-16T17:30:53","guid":{"rendered":"https:\/\/godot.luismaseda.com\/?page_id=46"},"modified":"2024-06-17T10:48:52","modified_gmt":"2024-06-17T08:48:52","slug":"curso-componentes-para-godot-4-devmark","status":"publish","type":"page","link":"https:\/\/godot.luismaseda.com\/?page_id=46","title":{"rendered":"Curso Componentes para Godot 4 (DevMark)"},"content":{"rendered":"\n<p>Componentes para Godot 4<\/p>\n\n\n\n<ul class=\"wp-block-list\">\n<li><i class=\"fab fa-youtube\"><\/i> V\u00eddeo 1 &#8211; Godot introducci\u00f3n a los componentes [3:34] | <i class=\"far fa-comment\"><\/i><\/li>\n\n\n\n<li><i class=\"fab fa-youtube\"><\/i> V\u00eddeo 2 &#8211; Organizaci\u00f3n de nuestros componentes [2:22] | <i class=\"far fa-comment\"><\/i><\/li>\n\n\n\n<li><i class=\"fab fa-youtube\"><\/i> V\u00eddeo 3 &#8211; Componente para imprimir mensajes [5:27] | <i class=\"far fa-comment\"><\/i><\/li>\n\n\n\n<li><i class=\"fab fa-youtube\"><\/i> V\u00eddeo 4 &#8211; Instanciar un componente [6:10] |&nbsp;<i class=\"far fa-comment\"><\/i><\/li>\n\n\n\n<li><i class=\"fab fa-youtube\"><\/i> V\u00eddeo 5 &#8211; Convertir nuestro componente en una clase [4:36] | <i class=\"far fa-comment\"><\/i><\/li>\n\n\n\n<li><i class=\"fab fa-youtube\"><\/i> V\u00eddeo 6 &#8211; Componente con se\u00f1ales personalizadas [4:33] | <i class=\"far fa-comment\"><\/i><\/li>\n\n\n\n<li><i class=\"fab fa-youtube\"><\/i> V\u00eddeo 7 &#8211; Documentar componentes con Doc Comments [6:08] | <i class=\"far fa-comment\"><\/i><\/li>\n\n\n\n<li><i class=\"fab fa-youtube\"><\/i> V\u00eddeo 8 &#8211; Retrasar el orden de ejecuci\u00f3n con Await en Godot [4:25] |&nbsp;<i class=\"far fa-comment\"><\/i><\/li>\n\n\n\n<li><i class=\"fab fa-youtube\"><\/i> V\u00eddeo 9 &#8211; Crear bot\u00f3n con Sonido [5:36] |&nbsp;<i class=\"far fa-comment\"><\/i><\/li>\n\n\n\n<li><i class=\"fab fa-youtube\"><\/i> V\u00eddeo 10 &#8211; Crear nodo personalizado de bot\u00f3n con sonido [10:51] |&nbsp;<i class=\"far fa-comment\"><\/i><\/li>\n\n\n\n<li><i class=\"fab fa-youtube\"><\/i> V\u00eddeo 11 &#8211; Movimiento Rectil\u00edneo Uniforme en Godot [12:51] | <i class=\"far fa-comment\"><\/i><\/li>\n\n\n\n<li><i class=\"fab fa-youtube\"><\/i> V\u00eddeo 12 &#8211; Crear nodo personalizado de bot\u00f3n con sonido 1.1 Agregar Se\u00f1ales [7:07] | <i class=\"far fa-comment\"><\/i><\/li>\n<\/ul>\n\n\n\n<hr class=\"wp-block-separator has-alpha-channel-opacity\"\/>\n\n\n\n<div class=\"wp-block-buttons is-layout-flex wp-block-buttons-is-layout-flex\">\n<div class=\"wp-block-button\"><a class=\"wp-block-button__link wp-element-button\" href=\"https:\/\/godot.luismaseda.com\/?page_id=11\">Volver<\/a><\/div>\n<\/div>\n","protected":false},"excerpt":{"rendered":"<p>Componentes para Godot 4<\/p>\n","protected":false},"author":1,"featured_media":0,"parent":0,"menu_order":0,"comment_status":"closed","ping_status":"closed","template":"","meta":{"footnotes":""},"class_list":["post-46","page","type-page","status-publish","hentry"],"_links":{"self":[{"href":"https:\/\/godot.luismaseda.com\/index.php?rest_route=\/wp\/v2\/pages\/46","targetHints":{"allow":["GET"]}}],"collection":[{"href":"https:\/\/godot.luismaseda.com\/index.php?rest_route=\/wp\/v2\/pages"}],"about":[{"href":"https:\/\/godot.luismaseda.com\/index.php?rest_route=\/wp\/v2\/types\/page"}],"author":[{"embeddable":true,"href":"https:\/\/godot.luismaseda.com\/index.php?rest_route=\/wp\/v2\/users\/1"}],"replies":[{"embeddable":true,"href":"https:\/\/godot.luismaseda.com\/index.php?rest_route=%2Fwp%2Fv2%2Fcomments&post=46"}],"version-history":[{"count":2,"href":"https:\/\/godot.luismaseda.com\/index.php?rest_route=\/wp\/v2\/pages\/46\/revisions"}],"predecessor-version":[{"id":122,"href":"https:\/\/godot.luismaseda.com\/index.php?rest_route=\/wp\/v2\/pages\/46\/revisions\/122"}],"wp:attachment":[{"href":"https:\/\/godot.luismaseda.com\/index.php?rest_route=%2Fwp%2Fv2%2Fmedia&parent=46"}],"curies":[{"name":"wp","href":"https:\/\/api.w.org\/{rel}","templated":true}]}}