{"id":19,"date":"2024-06-16T01:33:10","date_gmt":"2024-06-15T23:33:10","guid":{"rendered":"https:\/\/godot.luismaseda.com\/?page_id=19"},"modified":"2024-06-16T10:55:40","modified_gmt":"2024-06-16T08:55:40","slug":"mi-blog-de-godot","status":"publish","type":"page","link":"https:\/\/godot.luismaseda.com\/","title":{"rendered":"Mi Blog de Godot"},"content":{"rendered":"\n<div class=\"wp-block-group alignfull has-background-background-color has-background\" style=\"margin-top:0;margin-bottom:0;padding-top:var(--wp--preset--spacing--60);padding-right:var(--wp--preset--spacing--30);padding-bottom:var(--wp--preset--spacing--60);padding-left:var(--wp--preset--spacing--30)\"><div class=\"wp-block-group__inner-container is-layout-constrained wp-container-core-group-is-layout-392eb801 wp-block-group-is-layout-constrained\">\n<div class=\"wp-block-group alignwide is-content-justification-left\"><div class=\"wp-block-group__inner-container is-layout-constrained wp-container-core-group-is-layout-eded1d97 wp-block-group-is-layout-constrained\">\n<h2 class=\"wp-block-heading has-large-font-size\">Este sitio proporciona enlaces a distintos temas relacionados con Godot<\/h2>\n\n\n\n<p style=\"margin-top:16px\">Godot Engine es un motor de videojuegos repleto de funciones, multiplataforma con m\u00faltiples caracter\u00edsticas para crear juegos 2D y 3D desde una interfaz unificada.<\/p>\n\n\n\n<p>Godot es completamente libre y de c\u00f3digo abierto bajo la licencia permisiva MIT (Licencia del Instituto Tecnol\u00f3gico de Massachusetts). Sin condiciones, sin regal\u00edas, nada. Los juegos de los usuarios son suyos, hasta la \u00faltima l\u00ednea de c\u00f3digo del motor. El desarrollo de Godot es totalmente independiente y dirigido por la comunidad, lo que permite a los usuarios ayudar a dar forma a su motor para que coincida con sus expectativas. Est\u00e1 respaldado por&nbsp;<a href=\"https:\/\/sfconservancy.org\/\">Software Freedom Conservancy<\/a>&nbsp;sin fines de lucro.<\/p>\n<\/div><\/div>\n\n\n\n<div class=\"wp-block-columns alignwide is-layout-flex wp-container-core-columns-is-layout-54975717 wp-block-columns-is-layout-flex\">\n<div class=\"wp-block-column is-layout-flow wp-block-column-is-layout-flow\">\n<figure class=\"wp-block-image size-full ext-aspect-landscape ext-import\"><img loading=\"lazy\" decoding=\"async\" width=\"225\" height=\"225\" src=\"https:\/\/godot.luismaseda.com\/wp-content\/uploads\/2024\/06\/godotLogo.png\" alt=\"\" class=\"wp-image-23\" style=\"aspect-ratio:4\/3;object-fit:cover\" srcset=\"https:\/\/godot.luismaseda.com\/wp-content\/uploads\/2024\/06\/godotLogo.png 225w, https:\/\/godot.luismaseda.com\/wp-content\/uploads\/2024\/06\/godotLogo-150x150.png 150w\" sizes=\"auto, (max-width: 225px) 100vw, 225px\" \/><\/figure>\n\n\n\n<h4 class=\"wp-block-heading\" style=\"margin-top:24px;font-size:20px;line-height:1.5\">Godot<\/h4>\n\n\n\n<p class=\"has-small-font-size\" style=\"margin-top:8px\"><strong>Godot<\/strong>&nbsp;es un&nbsp;<a href=\"https:\/\/es.wikipedia.org\/wiki\/Motor_de_videojuegos\">motor de videojuegos<\/a>&nbsp;2D y 3D multiplataforma,&nbsp;<a href=\"https:\/\/es.wikipedia.org\/wiki\/Software_libre\">libre<\/a>&nbsp;y de&nbsp;<a href=\"https:\/\/es.wikipedia.org\/wiki\/C%C3%B3digo_abierto\">c\u00f3digo abierto<\/a>,<\/p>\n\n\n\n<div class=\"wp-block-buttons is-layout-flex wp-block-buttons-is-layout-flex\">\n<div class=\"wp-block-button has-custom-font-size has-small-font-size\"><a class=\"wp-block-button__link wp-element-button\" href=\"https:\/\/es.wikipedia.org\/wiki\/Godot\" target=\"_blank\" rel=\"noreferrer noopener\">M\u00e1s informaci\u00f3n<\/a><\/div>\n<\/div>\n<\/div>\n\n\n\n<div class=\"wp-block-column is-layout-flow wp-block-column-is-layout-flow\">\n<figure class=\"wp-block-image size-large ext-aspect-landscape ext-import\"><img loading=\"lazy\" decoding=\"async\" width=\"1024\" height=\"478\" src=\"https:\/\/godot.luismaseda.com\/wp-content\/uploads\/2024\/06\/godot_engine_godot_image-1024x478.png\" alt=\"\" class=\"wp-image-25\" style=\"aspect-ratio:4\/3;object-fit:cover\" srcset=\"https:\/\/godot.luismaseda.com\/wp-content\/uploads\/2024\/06\/godot_engine_godot_image-1024x478.png 1024w, https:\/\/godot.luismaseda.com\/wp-content\/uploads\/2024\/06\/godot_engine_godot_image-300x140.png 300w, https:\/\/godot.luismaseda.com\/wp-content\/uploads\/2024\/06\/godot_engine_godot_image-768x358.png 768w, https:\/\/godot.luismaseda.com\/wp-content\/uploads\/2024\/06\/godot_engine_godot_image.png 1500w\" sizes=\"auto, (max-width: 1024px) 100vw, 1024px\" \/><\/figure>\n\n\n\n<h4 class=\"wp-block-heading\" style=\"margin-top:24px;font-size:20px;line-height:1.5\">P\u00e1gina web oficial<\/h4>\n\n\n\n<p class=\"has-small-font-size\" style=\"margin-top:8px\">Aqu\u00ed se pueden descargar todas las versiones de Godot.<\/p>\n\n\n\n<div class=\"wp-block-buttons is-layout-flex wp-block-buttons-is-layout-flex\">\n<div class=\"wp-block-button has-custom-font-size has-small-font-size\"><a class=\"wp-block-button__link wp-element-button\" href=\"https:\/\/godotengine.org\/\" target=\"_blank\" rel=\"noreferrer noopener\">M\u00e1s informaci\u00f3n<\/a><\/div>\n<\/div>\n<\/div>\n\n\n\n<div class=\"wp-block-column is-layout-flow wp-block-column-is-layout-flow\">\n<figure class=\"wp-block-image size-large ext-aspect-landscape ext-import\"><img loading=\"lazy\" decoding=\"async\" width=\"1024\" height=\"556\" src=\"https:\/\/godot.luismaseda.com\/wp-content\/uploads\/2024\/06\/godot2D-1024x556.jpg\" alt=\"\" class=\"wp-image-27\" style=\"aspect-ratio:4\/3;object-fit:cover\" srcset=\"https:\/\/godot.luismaseda.com\/wp-content\/uploads\/2024\/06\/godot2D-1024x556.jpg 1024w, https:\/\/godot.luismaseda.com\/wp-content\/uploads\/2024\/06\/godot2D-300x163.jpg 300w, https:\/\/godot.luismaseda.com\/wp-content\/uploads\/2024\/06\/godot2D-768x417.jpg 768w, https:\/\/godot.luismaseda.com\/wp-content\/uploads\/2024\/06\/godot2D.jpg 1321w\" sizes=\"auto, (max-width: 1024px) 100vw, 1024px\" \/><\/figure>\n\n\n\n<h4 class=\"wp-block-heading\" style=\"margin-top:24px;font-size:20px;line-height:1.5\">Documentaci\u00f3n en espa\u00f1ol<\/h4>\n\n\n\n<p class=\"has-small-font-size\" style=\"margin-top:8px\">Documentaci\u00f3n oficial de Godot Engine en espa\u00f1ol.<\/p>\n\n\n\n<div class=\"wp-block-buttons is-layout-flex wp-block-buttons-is-layout-flex\">\n<div class=\"wp-block-button has-custom-font-size has-small-font-size\"><a class=\"wp-block-button__link wp-element-button\" href=\"https:\/\/docs.godotengine.org\/es\/4.x\/getting_started\/step_by_step\/index.html\" target=\"_blank\" rel=\"noreferrer noopener\">M\u00e1s informaci\u00f3n<\/a><\/div>\n<\/div>\n<\/div>\n<\/div>\n<\/div><\/div>\n","protected":false},"excerpt":{"rendered":"<p>Este sitio proporciona enlaces a distintos temas relacionados con Godot Godot Engine es un motor de videojuegos repleto de funciones, multiplataforma con m\u00faltiples caracter\u00edsticas para crear juegos 2D y 3D desde una interfaz unificada. Godot es completamente libre y de &hellip; <a href=\"https:\/\/godot.luismaseda.com\/\">Continue reading <span class=\"meta-nav\">&rarr;<\/span><\/a><\/p>\n","protected":false},"author":1,"featured_media":0,"parent":0,"menu_order":0,"comment_status":"closed","ping_status":"closed","template":"","meta":{"footnotes":""},"class_list":["post-19","page","type-page","status-publish","hentry"],"_links":{"self":[{"href":"https:\/\/godot.luismaseda.com\/index.php?rest_route=\/wp\/v2\/pages\/19","targetHints":{"allow":["GET"]}}],"collection":[{"href":"https:\/\/godot.luismaseda.com\/index.php?rest_route=\/wp\/v2\/pages"}],"about":[{"href":"https:\/\/godot.luismaseda.com\/index.php?rest_route=\/wp\/v2\/types\/page"}],"author":[{"embeddable":true,"href":"https:\/\/godot.luismaseda.com\/index.php?rest_route=\/wp\/v2\/users\/1"}],"replies":[{"embeddable":true,"href":"https:\/\/godot.luismaseda.com\/index.php?rest_route=%2Fwp%2Fv2%2Fcomments&post=19"}],"version-history":[{"count":14,"href":"https:\/\/godot.luismaseda.com\/index.php?rest_route=\/wp\/v2\/pages\/19\/revisions"}],"predecessor-version":[{"id":44,"href":"https:\/\/godot.luismaseda.com\/index.php?rest_route=\/wp\/v2\/pages\/19\/revisions\/44"}],"wp:attachment":[{"href":"https:\/\/godot.luismaseda.com\/index.php?rest_route=%2Fwp%2Fv2%2Fmedia&parent=19"}],"curies":[{"name":"wp","href":"https:\/\/api.w.org\/{rel}","templated":true}]}}